{"id":68,"date":"2024-10-19T12:52:53","date_gmt":"2024-10-19T10:52:53","guid":{"rendered":"http:\/\/t4.tribam.be\/?page_id=68"},"modified":"2024-12-01T09:44:38","modified_gmt":"2024-12-01T08:44:38","slug":"elementor-68","status":"publish","type":"page","link":"https:\/\/leschambrest4.be\/index.php\/elementor-68\/","title":{"rendered":"Logement"},"content":{"rendered":"\t\t<div data-elementor-type=\"wp-post\" data-elementor-id=\"68\" class=\"elementor elementor-68\">\n\t\t\t\t<div class=\"elementor-element elementor-element-fcc131d e-flex e-con-boxed e-con e-parent\" data-id=\"fcc131d\" data-element_type=\"container\">\n\t\t\t\t\t<div class=\"e-con-inner\">\n\t\t<div class=\"elementor-element elementor-element-9369b78 e-grid e-con-full e-con e-child\" data-id=\"9369b78\" data-element_type=\"container\">\n\t\t<div class=\"elementor-element elementor-element-e514acb e-con-full e-flex e-con e-child\" data-id=\"e514acb\" data-element_type=\"container\">\n\t\t\t\t<div class=\"elementor-element elementor-element-a69a542 elementor-widget elementor-widget-heading\" data-id=\"a69a542\" data-element_type=\"widget\" data-widget_type=\"heading.default\">\n\t\t\t\t<div class=\"elementor-widget-container\">\n\t\t\t\t\t<h2 class=\"elementor-heading-title elementor-size-default\">H\u00c9BERGEMENT<\/h2>\t\t\t\t<\/div>\n\t\t\t\t<\/div>\n\t\t\t\t<div class=\"elementor-element elementor-element-772a091 elementor-widget elementor-widget-text-editor\" data-id=\"772a091\" data-element_type=\"widget\" data-widget_type=\"text-editor.default\">\n\t\t\t\t<div class=\"elementor-widget-container\">\n\t\t\t\t\t\t\t\t\t<p><strong>Les Chambres T4<\/strong> vous offrent tout le confort n\u00e9cessaire pour un s\u00e9jour agr\u00e9able. Compos\u00e9 d&rsquo;un lit double et de deux lits simples, id\u00e9al pour accueillir une famille, un couple, un petit groupe d&rsquo;amis ou travailleurs.<br \/>Vous y trouverez \u00e9galement une pi\u00e8ce de vie conviviale, une cuisine enti\u00e8rement \u00e9quip\u00e9e pour pr\u00e9parer vos repas comme \u00e0 la maison, ainsi qu&rsquo;un salon confortable. Venez profiter d&rsquo;un cadre accueillant et cosy. Parfait pour un s\u00e9jour de courte ou de longue dur\u00e9e.<\/p>\t\t\t\t\t\t\t\t<\/div>\n\t\t\t\t<\/div>\n\t\t\t\t<\/div>\n\t\t<div class=\"elementor-element elementor-element-9f1d2ff e-con-full e-flex e-con e-child\" data-id=\"9f1d2ff\" data-element_type=\"container\">\n\t\t\t\t<div class=\"elementor-element elementor-element-bf52097 elementor-widget elementor-widget-heading\" data-id=\"bf52097\" data-element_type=\"widget\" data-widget_type=\"heading.default\">\n\t\t\t\t<div class=\"elementor-widget-container\">\n\t\t\t\t\t<h2 class=\"elementor-heading-title elementor-size-default\">ACCOMMODATION<\/h2>\t\t\t\t<\/div>\n\t\t\t\t<\/div>\n\t\t\t\t<div class=\"elementor-element elementor-element-50031ae elementor-widget elementor-widget-text-editor\" data-id=\"50031ae\" data-element_type=\"widget\" data-widget_type=\"text-editor.default\">\n\t\t\t\t<div class=\"elementor-widget-container\">\n\t\t\t\t\t\t\t\t\t<p><strong>Les Chambres T4<\/strong> offer all the comforts you need for a pleasant stay. Comprising a double bed and two single beds, they are ideal for families, couples, small groups of friends or workers.<br \/>You&rsquo;ll also find a convivial living room, a fully-equipped kitchen for home-style meal preparation, and a comfortable lounge. Come and enjoy a cosy and welcoming setting. Perfect for a short or long stay.<\/p>\t\t\t\t\t\t\t\t<\/div>\n\t\t\t\t<\/div>\n\t\t\t\t<\/div>\n\t\t\t\t<\/div>\n\t\t\t\t\t<\/div>\n\t\t\t\t<\/div>\n\t\t<div class=\"elementor-element elementor-element-9bfe645 e-grid e-con-full elementor-hidden-mobile e-con e-parent\" data-id=\"9bfe645\" data-element_type=\"container\">\n\t\t\t\t<div class=\"elementor-element elementor-element-dd049e6 elementor-widget elementor-widget-image\" data-id=\"dd049e6\" data-element_type=\"widget\" data-widget_type=\"image.default\">\n\t\t\t\t<div class=\"elementor-widget-container\">\n\t\t\t\t\t\t\t\t\t\t\t\t\t\t\t<img alt=\"\" fetchpriority=\"high\" decoding=\"async\" width=\"714\" height=\"738\" src=\"https:\/\/leschambrest4.be\/wp-content\/uploads\/2024\/10\/9dbbfb_820533b7a7ac40b8aa6c2e50a.jpg\" class=\"attachment-large size-large wp-image-75\" alt=\"\" srcset=\"https:\/\/leschambrest4.be\/wp-content\/uploads\/2024\/10\/9dbbfb_820533b7a7ac40b8aa6c2e50a.jpg 714w, https:\/\/leschambrest4.be\/wp-content\/uploads\/2024\/10\/9dbbfb_820533b7a7ac40b8aa6c2e50a-290x300.jpg 290w\" sizes=\"(max-width: 714px) 100vw, 714px\" \/>\t\t\t\t\t\t\t\t\t\t\t\t\t\t\t<\/div>\n\t\t\t\t<\/div>\n\t\t\t\t<div class=\"elementor-element elementor-element-73f680a elementor-widget elementor-widget-heading\" data-id=\"73f680a\" data-element_type=\"widget\" data-widget_type=\"heading.default\">\n\t\t\t\t<div class=\"elementor-widget-container\">\n\t\t\t\t\t<h2 class=\"elementor-heading-title elementor-size-default\">LIT SIMPLE<\/h2>\t\t\t\t<\/div>\n\t\t\t\t<\/div>\n\t\t\t\t<div class=\"elementor-element elementor-element-bb05d05 elementor-widget elementor-widget-image\" data-id=\"bb05d05\" data-element_type=\"widget\" data-widget_type=\"image.default\">\n\t\t\t\t<div class=\"elementor-widget-container\">\n\t\t\t\t\t\t\t\t\t\t\t\t\t\t\t<img alt=\"\" decoding=\"async\" width=\"714\" height=\"738\" src=\"https:\/\/leschambrest4.be\/wp-content\/uploads\/2024\/10\/9dbbfb_849651905e5f421fb8b5570b7.jpg\" class=\"attachment-large size-large wp-image-74\" alt=\"\" srcset=\"https:\/\/leschambrest4.be\/wp-content\/uploads\/2024\/10\/9dbbfb_849651905e5f421fb8b5570b7.jpg 714w, https:\/\/leschambrest4.be\/wp-content\/uploads\/2024\/10\/9dbbfb_849651905e5f421fb8b5570b7-290x300.jpg 290w\" sizes=\"(max-width: 714px) 100vw, 714px\" \/>\t\t\t\t\t\t\t\t\t\t\t\t\t\t\t<\/div>\n\t\t\t\t<\/div>\n\t\t\t\t<div class=\"elementor-element elementor-element-d7de5fa elementor-widget elementor-widget-heading\" data-id=\"d7de5fa\" data-element_type=\"widget\" data-widget_type=\"heading.default\">\n\t\t\t\t<div class=\"elementor-widget-container\">\n\t\t\t\t\t<h2 class=\"elementor-heading-title elementor-size-default\">LIT DOUBLE<\/h2>\t\t\t\t<\/div>\n\t\t\t\t<\/div>\n\t\t\t\t<div class=\"elementor-element elementor-element-390bf26 elementor-widget elementor-widget-heading\" data-id=\"390bf26\" data-element_type=\"widget\" data-widget_type=\"heading.default\">\n\t\t\t\t<div class=\"elementor-widget-container\">\n\t\t\t\t\t<h2 class=\"elementor-heading-title elementor-size-default\">LIT SIMPLE<\/h2>\t\t\t\t<\/div>\n\t\t\t\t<\/div>\n\t\t\t\t<div class=\"elementor-element elementor-element-c082ee5 elementor-widget elementor-widget-image\" data-id=\"c082ee5\" data-element_type=\"widget\" data-widget_type=\"image.default\">\n\t\t\t\t<div class=\"elementor-widget-container\">\n\t\t\t\t\t\t\t\t\t\t\t\t\t\t\t<img alt=\"\" decoding=\"async\" width=\"714\" height=\"749\" src=\"https:\/\/leschambrest4.be\/wp-content\/uploads\/2024\/10\/9dbbfb_ca423fb46733411081bb4788a.jpg\" class=\"attachment-large size-large wp-image-73\" alt=\"\" srcset=\"https:\/\/leschambrest4.be\/wp-content\/uploads\/2024\/10\/9dbbfb_ca423fb46733411081bb4788a.jpg 714w, https:\/\/leschambrest4.be\/wp-content\/uploads\/2024\/10\/9dbbfb_ca423fb46733411081bb4788a-286x300.jpg 286w\" sizes=\"(max-width: 714px) 100vw, 714px\" \/>\t\t\t\t\t\t\t\t\t\t\t\t\t\t\t<\/div>\n\t\t\t\t<\/div>\n\t\t\t\t<div class=\"elementor-element elementor-element-fd8724f elementor-widget elementor-widget-heading\" data-id=\"fd8724f\" data-element_type=\"widget\" data-widget_type=\"heading.default\">\n\t\t\t\t<div class=\"elementor-widget-container\">\n\t\t\t\t\t<h2 class=\"elementor-heading-title elementor-size-default\">SALLE \u00c0 MANGER<\/h2>\t\t\t\t<\/div>\n\t\t\t\t<\/div>\n\t\t\t\t<div class=\"elementor-element elementor-element-e6d0f45 elementor-widget elementor-widget-image\" data-id=\"e6d0f45\" data-element_type=\"widget\" data-widget_type=\"image.default\">\n\t\t\t\t<div class=\"elementor-widget-container\">\n\t\t\t\t\t\t\t\t\t\t\t\t\t\t\t<img alt=\"\" loading=\"lazy\" decoding=\"async\" width=\"714\" height=\"749\" src=\"https:\/\/leschambrest4.be\/wp-content\/uploads\/2024\/10\/9dbbfb_ce910b12252a47c8a7327ecc4.jpg\" class=\"attachment-large size-large wp-image-72\" alt=\"\" srcset=\"https:\/\/leschambrest4.be\/wp-content\/uploads\/2024\/10\/9dbbfb_ce910b12252a47c8a7327ecc4.jpg 714w, https:\/\/leschambrest4.be\/wp-content\/uploads\/2024\/10\/9dbbfb_ce910b12252a47c8a7327ecc4-286x300.jpg 286w\" sizes=\"(max-width: 714px) 100vw, 714px\" \/>\t\t\t\t\t\t\t\t\t\t\t\t\t\t\t<\/div>\n\t\t\t\t<\/div>\n\t\t\t\t<div class=\"elementor-element elementor-element-2f84d99 elementor-widget elementor-widget-image\" data-id=\"2f84d99\" data-element_type=\"widget\" data-widget_type=\"image.default\">\n\t\t\t\t<div class=\"elementor-widget-container\">\n\t\t\t\t\t\t\t\t\t\t\t\t\t\t\t<img alt=\"\" loading=\"lazy\" decoding=\"async\" width=\"714\" height=\"741\" src=\"https:\/\/leschambrest4.be\/wp-content\/uploads\/2024\/10\/9dbbfb_2c5fa591ab1c4924b72e84cd8.jpg\" class=\"attachment-large size-large wp-image-71\" alt=\"\" srcset=\"https:\/\/leschambrest4.be\/wp-content\/uploads\/2024\/10\/9dbbfb_2c5fa591ab1c4924b72e84cd8.jpg 714w, https:\/\/leschambrest4.be\/wp-content\/uploads\/2024\/10\/9dbbfb_2c5fa591ab1c4924b72e84cd8-289x300.jpg 289w\" sizes=\"(max-width: 714px) 100vw, 714px\" \/>\t\t\t\t\t\t\t\t\t\t\t\t\t\t\t<\/div>\n\t\t\t\t<\/div>\n\t\t\t\t<div class=\"elementor-element elementor-element-8644d7a elementor-widget elementor-widget-heading\" data-id=\"8644d7a\" data-element_type=\"widget\" data-widget_type=\"heading.default\">\n\t\t\t\t<div class=\"elementor-widget-container\">\n\t\t\t\t\t<h2 class=\"elementor-heading-title elementor-size-default\">SALON<\/h2>\t\t\t\t<\/div>\n\t\t\t\t<\/div>\n\t\t\t\t<div class=\"elementor-element elementor-element-0da1f4b elementor-widget elementor-widget-image\" data-id=\"0da1f4b\" data-element_type=\"widget\" data-widget_type=\"image.default\">\n\t\t\t\t<div class=\"elementor-widget-container\">\n\t\t\t\t\t\t\t\t\t\t\t\t\t\t\t<img alt=\"\" loading=\"lazy\" decoding=\"async\" width=\"714\" height=\"741\" src=\"https:\/\/leschambrest4.be\/wp-content\/uploads\/2024\/10\/9dbbfb_22420fc814a94e88bead18df3.jpg\" class=\"attachment-large size-large wp-image-70\" alt=\"\" srcset=\"https:\/\/leschambrest4.be\/wp-content\/uploads\/2024\/10\/9dbbfb_22420fc814a94e88bead18df3.jpg 714w, https:\/\/leschambrest4.be\/wp-content\/uploads\/2024\/10\/9dbbfb_22420fc814a94e88bead18df3-289x300.jpg 289w\" sizes=\"(max-width: 714px) 100vw, 714px\" \/>\t\t\t\t\t\t\t\t\t\t\t\t\t\t\t<\/div>\n\t\t\t\t<\/div>\n\t\t\t\t<div class=\"elementor-element elementor-element-2f7d2d4 elementor-widget elementor-widget-heading\" data-id=\"2f7d2d4\" data-element_type=\"widget\" data-widget_type=\"heading.default\">\n\t\t\t\t<div class=\"elementor-widget-container\">\n\t\t\t\t\t<h2 class=\"elementor-heading-title elementor-size-default\">CUISINE \u00c9QUIP\u00c9E<\/h2>\t\t\t\t<\/div>\n\t\t\t\t<\/div>\n\t\t\t\t<\/div>\n\t\t<div class=\"elementor-element elementor-element-1c78a37 elementor-hidden-desktop elementor-hidden-tablet_extra elementor-hidden-tablet elementor-hidden-mobile_extra e-flex e-con-boxed e-con e-parent\" data-id=\"1c78a37\" data-element_type=\"container\">\n\t\t\t\t\t<div class=\"e-con-inner\">\n\t\t\t\t<div class=\"elementor-element elementor-element-82ea640 elementor-widget elementor-widget-image\" data-id=\"82ea640\" data-element_type=\"widget\" data-widget_type=\"image.default\">\n\t\t\t\t<div class=\"elementor-widget-container\">\n\t\t\t\t\t\t\t\t\t\t\t\t\t\t\t<img alt=\"\" fetchpriority=\"high\" decoding=\"async\" width=\"714\" height=\"738\" src=\"https:\/\/leschambrest4.be\/wp-content\/uploads\/2024\/10\/9dbbfb_820533b7a7ac40b8aa6c2e50a.jpg\" class=\"attachment-large size-large wp-image-75\" alt=\"\" srcset=\"https:\/\/leschambrest4.be\/wp-content\/uploads\/2024\/10\/9dbbfb_820533b7a7ac40b8aa6c2e50a.jpg 714w, https:\/\/leschambrest4.be\/wp-content\/uploads\/2024\/10\/9dbbfb_820533b7a7ac40b8aa6c2e50a-290x300.jpg 290w\" sizes=\"(max-width: 714px) 100vw, 714px\" \/>\t\t\t\t\t\t\t\t\t\t\t\t\t\t\t<\/div>\n\t\t\t\t<\/div>\n\t\t\t\t<div class=\"elementor-element elementor-element-d20baa6 elementor-widget elementor-widget-heading\" data-id=\"d20baa6\" data-element_type=\"widget\" data-widget_type=\"heading.default\">\n\t\t\t\t<div class=\"elementor-widget-container\">\n\t\t\t\t\t<h2 class=\"elementor-heading-title elementor-size-default\">LIT SIMPLE<\/h2>\t\t\t\t<\/div>\n\t\t\t\t<\/div>\n\t\t\t\t<div class=\"elementor-element elementor-element-793f06b elementor-widget elementor-widget-image\" data-id=\"793f06b\" data-element_type=\"widget\" data-widget_type=\"image.default\">\n\t\t\t\t<div class=\"elementor-widget-container\">\n\t\t\t\t\t\t\t\t\t\t\t\t\t\t\t<img alt=\"\" decoding=\"async\" width=\"714\" height=\"738\" src=\"https:\/\/leschambrest4.be\/wp-content\/uploads\/2024\/10\/9dbbfb_849651905e5f421fb8b5570b7.jpg\" class=\"attachment-large size-large wp-image-74\" alt=\"\" srcset=\"https:\/\/leschambrest4.be\/wp-content\/uploads\/2024\/10\/9dbbfb_849651905e5f421fb8b5570b7.jpg 714w, https:\/\/leschambrest4.be\/wp-content\/uploads\/2024\/10\/9dbbfb_849651905e5f421fb8b5570b7-290x300.jpg 290w\" sizes=\"(max-width: 714px) 100vw, 714px\" \/>\t\t\t\t\t\t\t\t\t\t\t\t\t\t\t<\/div>\n\t\t\t\t<\/div>\n\t\t\t\t<div class=\"elementor-element elementor-element-ad6f8bf elementor-widget elementor-widget-heading\" data-id=\"ad6f8bf\" data-element_type=\"widget\" data-widget_type=\"heading.default\">\n\t\t\t\t<div class=\"elementor-widget-container\">\n\t\t\t\t\t<h2 class=\"elementor-heading-title elementor-size-default\">LIT SIMPLE<\/h2>\t\t\t\t<\/div>\n\t\t\t\t<\/div>\n\t\t\t\t<div class=\"elementor-element elementor-element-1b4e0fe elementor-widget elementor-widget-image\" data-id=\"1b4e0fe\" data-element_type=\"widget\" data-widget_type=\"image.default\">\n\t\t\t\t<div class=\"elementor-widget-container\">\n\t\t\t\t\t\t\t\t\t\t\t\t\t\t\t<img alt=\"\" decoding=\"async\" width=\"714\" height=\"749\" src=\"https:\/\/leschambrest4.be\/wp-content\/uploads\/2024\/10\/9dbbfb_ca423fb46733411081bb4788a.jpg\" class=\"attachment-large size-large wp-image-73\" alt=\"\" srcset=\"https:\/\/leschambrest4.be\/wp-content\/uploads\/2024\/10\/9dbbfb_ca423fb46733411081bb4788a.jpg 714w, https:\/\/leschambrest4.be\/wp-content\/uploads\/2024\/10\/9dbbfb_ca423fb46733411081bb4788a-286x300.jpg 286w\" sizes=\"(max-width: 714px) 100vw, 714px\" \/>\t\t\t\t\t\t\t\t\t\t\t\t\t\t\t<\/div>\n\t\t\t\t<\/div>\n\t\t\t\t<div class=\"elementor-element elementor-element-369f28a elementor-widget elementor-widget-heading\" data-id=\"369f28a\" data-element_type=\"widget\" data-widget_type=\"heading.default\">\n\t\t\t\t<div class=\"elementor-widget-container\">\n\t\t\t\t\t<h2 class=\"elementor-heading-title elementor-size-default\">LIT SIMPLE<\/h2>\t\t\t\t<\/div>\n\t\t\t\t<\/div>\n\t\t\t\t<div class=\"elementor-element elementor-element-8688954 elementor-widget elementor-widget-image\" data-id=\"8688954\" data-element_type=\"widget\" data-widget_type=\"image.default\">\n\t\t\t\t<div class=\"elementor-widget-container\">\n\t\t\t\t\t\t\t\t\t\t\t\t\t\t\t<img alt=\"\" loading=\"lazy\" decoding=\"async\" width=\"714\" height=\"749\" src=\"https:\/\/leschambrest4.be\/wp-content\/uploads\/2024\/10\/9dbbfb_ce910b12252a47c8a7327ecc4.jpg\" class=\"attachment-large size-large wp-image-72\" alt=\"\" srcset=\"https:\/\/leschambrest4.be\/wp-content\/uploads\/2024\/10\/9dbbfb_ce910b12252a47c8a7327ecc4.jpg 714w, https:\/\/leschambrest4.be\/wp-content\/uploads\/2024\/10\/9dbbfb_ce910b12252a47c8a7327ecc4-286x300.jpg 286w\" sizes=\"(max-width: 714px) 100vw, 714px\" \/>\t\t\t\t\t\t\t\t\t\t\t\t\t\t\t<\/div>\n\t\t\t\t<\/div>\n\t\t\t\t<div class=\"elementor-element elementor-element-e251055 elementor-widget elementor-widget-heading\" data-id=\"e251055\" data-element_type=\"widget\" data-widget_type=\"heading.default\">\n\t\t\t\t<div class=\"elementor-widget-container\">\n\t\t\t\t\t<h2 class=\"elementor-heading-title elementor-size-default\">SALLE \u00c0 MANGER<\/h2>\t\t\t\t<\/div>\n\t\t\t\t<\/div>\n\t\t\t\t<div class=\"elementor-element elementor-element-8184c2f elementor-widget elementor-widget-image\" data-id=\"8184c2f\" data-element_type=\"widget\" data-widget_type=\"image.default\">\n\t\t\t\t<div class=\"elementor-widget-container\">\n\t\t\t\t\t\t\t\t\t\t\t\t\t\t\t<img alt=\"\" loading=\"lazy\" decoding=\"async\" width=\"714\" height=\"741\" src=\"https:\/\/leschambrest4.be\/wp-content\/uploads\/2024\/10\/9dbbfb_2c5fa591ab1c4924b72e84cd8.jpg\" class=\"attachment-large size-large wp-image-71\" alt=\"\" srcset=\"https:\/\/leschambrest4.be\/wp-content\/uploads\/2024\/10\/9dbbfb_2c5fa591ab1c4924b72e84cd8.jpg 714w, https:\/\/leschambrest4.be\/wp-content\/uploads\/2024\/10\/9dbbfb_2c5fa591ab1c4924b72e84cd8-289x300.jpg 289w\" sizes=\"(max-width: 714px) 100vw, 714px\" \/>\t\t\t\t\t\t\t\t\t\t\t\t\t\t\t<\/div>\n\t\t\t\t<\/div>\n\t\t\t\t<div class=\"elementor-element elementor-element-8ab76db elementor-widget elementor-widget-heading\" data-id=\"8ab76db\" data-element_type=\"widget\" data-widget_type=\"heading.default\">\n\t\t\t\t<div class=\"elementor-widget-container\">\n\t\t\t\t\t<h2 class=\"elementor-heading-title elementor-size-default\">SALON<\/h2>\t\t\t\t<\/div>\n\t\t\t\t<\/div>\n\t\t\t\t<div class=\"elementor-element elementor-element-cec8264 elementor-widget elementor-widget-image\" data-id=\"cec8264\" data-element_type=\"widget\" data-widget_type=\"image.default\">\n\t\t\t\t<div class=\"elementor-widget-container\">\n\t\t\t\t\t\t\t\t\t\t\t\t\t\t\t<img alt=\"\" loading=\"lazy\" decoding=\"async\" width=\"714\" height=\"741\" src=\"https:\/\/leschambrest4.be\/wp-content\/uploads\/2024\/10\/9dbbfb_22420fc814a94e88bead18df3.jpg\" class=\"attachment-large size-large wp-image-70\" alt=\"\" srcset=\"https:\/\/leschambrest4.be\/wp-content\/uploads\/2024\/10\/9dbbfb_22420fc814a94e88bead18df3.jpg 714w, https:\/\/leschambrest4.be\/wp-content\/uploads\/2024\/10\/9dbbfb_22420fc814a94e88bead18df3-289x300.jpg 289w\" sizes=\"(max-width: 714px) 100vw, 714px\" \/>\t\t\t\t\t\t\t\t\t\t\t\t\t\t\t<\/div>\n\t\t\t\t<\/div>\n\t\t\t\t<div class=\"elementor-element elementor-element-c0bf9e0 elementor-widget elementor-widget-heading\" data-id=\"c0bf9e0\" data-element_type=\"widget\" data-widget_type=\"heading.default\">\n\t\t\t\t<div class=\"elementor-widget-container\">\n\t\t\t\t\t<h2 class=\"elementor-heading-title elementor-size-default\">CUISINE \u00c9QUIP\u00c9E<\/h2>\t\t\t\t<\/div>\n\t\t\t\t<\/div>\n\t\t\t\t\t<\/div>\n\t\t\t\t<\/div>\n\t\t\t\t<\/div>\n\t\t","protected":false},"excerpt":{"rendered":"<p>H\u00c9BERGEMENT Les Chambres T4 vous offrent tout le confort n\u00e9cessaire pour un s\u00e9jour agr\u00e9able. Compos\u00e9 d&rsquo;un lit double et de [&hellip;]<\/p>\n","protected":false},"author":1,"featured_media":0,"parent":0,"menu_order":0,"comment_status":"closed","ping_status":"closed","template":"","meta":{"_seopress_robots_primary_cat":"","_seopress_titles_title":"","_seopress_titles_desc":"","_seopress_robots_index":"","site-sidebar-layout":"no-sidebar","site-content-layout":"","ast-site-content-layout":"full-width-container","site-content-style":"default","site-sidebar-style":"default","ast-global-header-display":"","ast-banner-title-visibility":"","ast-main-header-display":"","ast-hfb-above-header-display":"","ast-hfb-below-header-display":"","ast-hfb-mobile-header-display":"","site-post-title":"disabled","ast-breadcrumbs-content":"","ast-featured-img":"disabled","footer-sml-layout":"","theme-transparent-header-meta":"","adv-header-id-meta":"","stick-header-meta":"","header-above-stick-meta":"","header-main-stick-meta":"","header-below-stick-meta":"","astra-migrate-meta-layouts":"default","ast-page-background-enabled":"default","ast-page-background-meta":{"desktop":{"background-color":"var(--ast-global-color-4)","background-image":"","background-repeat":"repeat","background-position":"center center","background-size":"auto","background-attachment":"scroll","background-type":"","background-media":"","overlay-type":"","overlay-color":"","overlay-opacity":"","overlay-gradient":""},"tablet":{"background-color":"","background-image":"","background-repeat":"repeat","background-position":"center center","background-size":"auto","background-attachment":"scroll","background-type":"","background-media":"","overlay-type":"","overlay-color":"","overlay-opacity":"","overlay-gradient":""},"mobile":{"background-color":"","background-image":"","background-repeat":"repeat","background-position":"center center","background-size":"auto","background-attachment":"scroll","background-type":"","background-media":"","overlay-type":"","overlay-color":"","overlay-opacity":"","overlay-gradient":""}},"ast-content-background-meta":{"desktop":{"background-color":"var(--ast-global-color-5)","background-image":"","background-repeat":"repeat","background-position":"center center","background-size":"auto","background-attachment":"scroll","background-type":"","background-media":"","overlay-type":"","overlay-color":"","overlay-opacity":"","overlay-gradient":""},"tablet":{"background-color":"var(--ast-global-color-5)","background-image":"","background-repeat":"repeat","background-position":"center center","background-size":"auto","background-attachment":"scroll","background-type":"","background-media":"","overlay-type":"","overlay-color":"","overlay-opacity":"","overlay-gradient":""},"mobile":{"background-color":"var(--ast-global-color-5)","background-image":"","background-repeat":"repeat","background-position":"center center","background-size":"auto","background-attachment":"scroll","background-type":"","background-media":"","overlay-type":"","overlay-color":"","overlay-opacity":"","overlay-gradient":""}},"footnotes":""},"class_list":["post-68","page","type-page","status-publish","hentry"],"_links":{"self":[{"href":"https:\/\/leschambrest4.be\/index.php\/wp-json\/wp\/v2\/pages\/68","targetHints":{"allow":["GET"]}}],"collection":[{"href":"https:\/\/leschambrest4.be\/index.php\/wp-json\/wp\/v2\/pages"}],"about":[{"href":"https:\/\/leschambrest4.be\/index.php\/wp-json\/wp\/v2\/types\/page"}],"author":[{"embeddable":true,"href":"https:\/\/leschambrest4.be\/index.php\/wp-json\/wp\/v2\/users\/1"}],"replies":[{"embeddable":true,"href":"https:\/\/leschambrest4.be\/index.php\/wp-json\/wp\/v2\/comments?post=68"}],"version-history":[{"count":20,"href":"https:\/\/leschambrest4.be\/index.php\/wp-json\/wp\/v2\/pages\/68\/revisions"}],"predecessor-version":[{"id":191,"href":"https:\/\/leschambrest4.be\/index.php\/wp-json\/wp\/v2\/pages\/68\/revisions\/191"}],"wp:attachment":[{"href":"https:\/\/leschambrest4.be\/index.php\/wp-json\/wp\/v2\/media?parent=68"}],"curies":[{"name":"wp","href":"https:\/\/api.w.org\/{rel}","templated":true}]}}